{"id":2397,"date":"2010-03-20T20:16:28","date_gmt":"2010-03-20T11:16:28","guid":{"rendered":"http:\/\/www.color-lounge.com\/blog\/?page_id=2397"},"modified":"2010-03-20T22:58:38","modified_gmt":"2010-03-20T13:58:38","slug":"balades-dans-tokyo","status":"publish","type":"page","link":"https:\/\/www.color-lounge.com\/blog\/about\/balades-dans-tokyo\/","title":{"rendered":"Balades dans Tokyo"},"content":{"rendered":"<p>Voici une s\u00e9rie de balades dans des quartiers de Tokyo.<br \/>\nIl s&rsquo;agit de diaporamas sous forme de vid\u00e9os et en musique qui vous permettent de d\u00e9couvrir l&rsquo;endroit si vous ne le connaissez pas ou le voir d&rsquo;un \u0153il diff\u00e9rent si vous le connaissez d\u00e9j\u00e0.<\/p>\n<p>A series of walks in different areas of Tokyo.<br \/>\nYou will see some video slideshows with music. If you know the place, you might see it from a different angle. If you don&rsquo;t know it, enjoy the ride.<\/p>\n<h2>[Shinjuku]\u2193<\/h2>\n<p>[flashvideo filename=video\/Shinjuku.flv \/]<\/p>\n<h2>[Shibuya]\u2193<\/h2>\n<p>[flashvideo filename=video\/Shibuya.flv \/]<\/p>\n<h2>[Ueno]\u2193<\/h2>\n<p>[flashvideo filename=video\/Ueno.flv \/]<\/p>\n","protected":false},"excerpt":{"rendered":"<p>Voici une s\u00e9rie de balades dans des quartiers de Tokyo. Il s&rsquo;agit de diaporamas sous forme de vid\u00e9os et en musique qui vous permettent de d\u00e9couvrir l&rsquo;endroit si vous ne le connaissez pas ou le voir d&rsquo;un \u0153il diff\u00e9rent si vous le connaissez d\u00e9j\u00e0. A series of walks in different areas of Tokyo. You will [&hellip;]<\/p>\n","protected":false},"author":2,"featured_media":0,"parent":2,"menu_order":3,"comment_status":"open","ping_status":"open","template":"","meta":{"ngg_post_thumbnail":0,"jetpack_post_was_ever_published":false,"footnotes":""},"class_list":["post-2397","page","type-page","status-publish","hentry"],"aioseo_notices":[],"jetpack_sharing_enabled":true,"jetpack_shortlink":"https:\/\/wp.me\/P5BAbw-CF","_links":{"self":[{"href":"https:\/\/www.color-lounge.com\/blog\/wp-json\/wp\/v2\/pages\/2397","targetHints":{"allow":["GET"]}}],"collection":[{"href":"https:\/\/www.color-lounge.com\/blog\/wp-json\/wp\/v2\/pages"}],"about":[{"href":"https:\/\/www.color-lounge.com\/blog\/wp-json\/wp\/v2\/types\/page"}],"author":[{"embeddable":true,"href":"https:\/\/www.color-lounge.com\/blog\/wp-json\/wp\/v2\/users\/2"}],"replies":[{"embeddable":true,"href":"https:\/\/www.color-lounge.com\/blog\/wp-json\/wp\/v2\/comments?post=2397"}],"version-history":[{"count":18,"href":"https:\/\/www.color-lounge.com\/blog\/wp-json\/wp\/v2\/pages\/2397\/revisions"}],"predecessor-version":[{"id":2439,"href":"https:\/\/www.color-lounge.com\/blog\/wp-json\/wp\/v2\/pages\/2397\/revisions\/2439"}],"up":[{"embeddable":true,"href":"https:\/\/www.color-lounge.com\/blog\/wp-json\/wp\/v2\/pages\/2"}],"wp:attachment":[{"href":"https:\/\/www.color-lounge.com\/blog\/wp-json\/wp\/v2\/media?parent=2397"}],"curies":[{"name":"wp","href":"https:\/\/api.w.org\/{rel}","templated":true}]}}