{"id":2,"date":"2007-01-24T09:53:09","date_gmt":"2007-01-24T00:53:09","guid":{"rendered":""},"modified":"2013-05-11T23:01:22","modified_gmt":"2013-05-11T14:01:22","slug":"about","status":"publish","type":"page","link":"https:\/\/www.color-lounge.com\/blog\/about\/","title":{"rendered":"Color Lounge ?"},"content":{"rendered":"<h2>[Fran\u00e7ais]<\/h2>\n<p><strong>Color Lounge<\/strong> est n\u00e9 en 2002 d&rsquo;une volont\u00e9 de montrer mes conceptions graphiques ainsi que mes photographies sur le Web. Petit \u00e0 petit l&rsquo;id\u00e9e de construire une communaut\u00e9 avec des gens qui partagent la photographie comme passion s&rsquo;est faite sentir. Le forum est n\u00e9 alors un peu apr\u00e8s. En janvier 2007, le blog est arriv\u00e9 et s&rsquo;est trouv\u00e9 \u00eatre un moyen de diffusion efficace pour mon journal de voyages. Il permet aussi de pr\u00e9senter mes activit\u00e9s au Japon.<\/p>\n<p>Vous pouvez visiter:<br \/>\nLes galeries de photographies<\/p>\n<ul>\n<li><a title=\"Galeries couleurs\" href=\"https:\/\/www.color-lounge.com\/blog\/?page_id=1950\" target=\"_self\">De toutes les couleur !<\/a><\/li>\n<li><a title=\"Mes voyages...\" href=\"https:\/\/www.color-lounge.com\/blog\/?page_id=1978\" target=\"_self\">Voyages en Asie<\/a><\/li>\n<li><a title=\"en photo et en musique\" href=\"https:\/\/www.color-lounge.com\/blog\/?page_id=2397\" target=\"_self\">Balades dans Tokyo<\/a><\/li>\n<\/ul>\n<p><a title=\"Divers travaux non photographiques\" href=\"https:\/\/www.color-lounge.com\/blog\/?page_id=1989\" target=\"_self\">R\u00e9alisations graphiques<\/a><br \/>\n<a title=\"Anciens designs de CL\" href=\"https:\/\/www.color-lounge.com\/blog\/?page_id=1996\" target=\"_self\">Design des pr\u00e9c\u00e9dentes versions de Color Lounge<\/a><br \/>\n<a title=\"Lire le blog\" href=\"https:\/\/www.color-lounge.com\/blog\/\" target=\"_self\">Le blog<\/a><br \/>\nDepuis 2011, <a title=\"Lire le forum\" href=\"http:\/\/www.color-lounge.com\/forum\/\" target=\"_blank\">le forum<\/a> ne tourne plus, il a \u00e9t\u00e9 remplac\u00e9 par un service de nouvelles concernant la photographie : <a title=\"Color Lounge News\" href=\"http:\/\/www.color-lounge.com\/news\/\" target=\"_blank\">Color Lounge News<\/a>. Vous y trouverez aussi un projet de livre sur lequel je travaille en 2012 appel\u00e9 : <a title=\"Projet\" href=\"http:\/\/www.color-lounge.com\/news\/category\/du-jour\/\" target=\"_blank\">Portrait du jour<\/a>.<\/p>\n<p>Pour me contacter: in_colors [a] color-lounge.com (\u2192 replacer [a] avec arobase et supprimer les espaces)<br \/>\nPour recevoir la newsletter des articles du blog :<\/p>\n<p style=\"text-align: center;\"><a href=\"http:\/\/feedburner.google.com\/fb\/a\/mailverify?uri=ColorLounge&amp;loc=fr_FR\">Inscription \u00e0 Color Lounge<\/a><\/p>\n<h2>[English]<\/h2>\n<p><strong>Color Lounge<\/strong> was born in 2002 when I decided to show my works: design and photography on the Web. Slowly, the idea of a getting together people and friends who share the same passion over photography came and the forum was born. In January 2007, the blog came too and was an efficient way of publishing my diary of my journeys in Asia as well as my life in Japan.<\/p>\n<p>What is in there?<br \/>\nTo access the galleries, please click on the following links.<\/p>\n<ul>\n<li><a title=\"Colors\" href=\"https:\/\/www.color-lounge.com\/blog\/?page_id=1950\" target=\"_self\">Colors!<\/a><\/li>\n<li><a title=\"My trips...\" href=\"https:\/\/www.color-lounge.com\/blog\/?page_id=1978\" target=\"_self\">Trips in Asia<\/a><\/li>\n<li><a title=\"Photo &amp; music\" href=\"https:\/\/www.color-lounge.com\/blog\/?page_id=2397\" target=\"_self\">Walks in Tokyo<\/a><\/li>\n<\/ul>\n<p><a title=\"Several graphics' works\" href=\"https:\/\/www.color-lounge.com\/blog\/?page_id=1989\" target=\"_self\">Graphics<\/a><br \/>\n<a title=\"Previous designs of CL\" href=\"https:\/\/www.color-lounge.com\/blog\/?page_id=1996\" target=\"_self\">Previous versions of Color Lounge<\/a><br \/>\n<a title=\"in French\" href=\"https:\/\/www.color-lounge.com\/blog\/\" target=\"_self\">The Blog<\/a> (in French)<br \/>\n<a title=\"in French\" href=\"http:\/\/www.color-lounge.com\/forum\/\" target=\"_blank\">The forum<\/a> (in French) has been replaced by a news platform called <a title=\"Color Lounge News\" href=\"http:\/\/www.color-lounge.com\/news\/\" target=\"_blank\">Color Lounge News<\/a> regarding photography such as equipment, art, techniques&#8230; Also, you will find a book I am working on in 2012 called: <a title=\"Projet\" href=\"http:\/\/www.color-lounge.com\/news\/category\/du-jour\/\" target=\"_blank\">Portrait of the day<\/a>.<\/p>\n<p>Contact: in_colors [a] color-lounge.com (\u2192 replace [a] with at sign and remove spaces)<\/p>\n<h2>[\u65e5\u672c\u8a9e]<\/h2>\n<p><strong>Color Lounge<\/strong> \u300c\u30ab\u30e9\u30fc\u30e9\u30a6\u30f3\u30b8\u300d\u306f2002\u5e74\u8a95\u751f\u3002\u81ea\u5206\u306e\u4f5c\u54c1\uff08\u30c7\u30b6\u30a4\u30f3\u3068\u5199\u771f\uff09\u3092\u30a6\u30a7\u30d6\u3067\u7d39\u4ecb\u3057\u3088\u3046\u3068\u601d\u3063\u305f\u306e\u304c\u304d\u3063\u304b\u3051\u3067\u3059\u3002\u5199\u771f\u3092\u901a\u3058\u3066\u3001\u53cb\u4eba\u307b\u304b\u3001\u540c\u3058\u60c5\u71b1\u3092\u6301\u3064\u4eba\u305f\u3061\u304c\u6b21\u7b2c\u306b\u96c6\u307e\u308a\u3001\u30d5\u30a9\u30fc\u30e9\u30e0\u304c\u751f\u307e\u308c\u307e\u3057\u305f\u30022007\u5e74\u306b\u306f\u30d6\u30ed\u30b0\u3082\u30b9\u30bf\u30fc\u30c8\u3002\u79c1\u306e\u65e5\u672c\u3067\u306e\u751f\u6d3b\u3092\u7db4\u3063\u305f\u65e5\u8a18\u540c\u69d8\u3001\u30a2\u30b8\u30a2\u65c5\u884c\u8a18\u3082\u305d\u3053\u3067\u3054\u89a7\u3044\u305f\u3060\u3051\u307e\u3059\u3002<br \/>\n\u63b2\u8f09\u5185\u5bb9<br \/>\n\u30ae\u30e3\u30e9\u30ea\u30fc\u3078\u306f\u3001\u4e0b\u8a18\u306e\u30ea\u30f3\u30af\u3092\u30af\u30ea\u30c3\u30af\u3057\u3066\u304f\u3060\u3055\u3044\uff1a<\/p>\n<ul>\n<li><a title=\"Colors\" href=\"https:\/\/www.color-lounge.com\/blog\/?page_id=1950\" target=\"_self\">\u3044\u308d\u3001\u30a4\u30ed\u3001\u8272\uff01<\/a><\/li>\n<li><a title=\"My trips...\" href=\"https:\/\/www.color-lounge.com\/blog\/?page_id=1978\" target=\"_self\">\u30a2\u30b8\u30a2\u65c5\u65e5\u8a18<\/a><\/li>\n<li><a title=\"Photo &amp; music\" href=\"https:\/\/www.color-lounge.com\/blog\/?page_id=2397\" target=\"_self\">\u6771\u4eac\u6563\u6b69<\/a><\/li>\n<\/ul>\n<p><a title=\"Several graphics' works\" href=\"https:\/\/www.color-lounge.com\/blog\/?page_id=1989\" target=\"_self\">\u30b0\u30e9\u30d5\u30a3\u30af\u30b9<\/a><br \/>\n<a title=\"Previous designs of CL\" href=\"https:\/\/www.color-lounge.com\/blog\/?page_id=1996\" target=\"_self\">Color Lounge\u65e7\u30d0\u30fc\u30b8\u30e7\u30f3<\/a><br \/>\n<a title=\"in French\" href=\"https:\/\/www.color-lounge.com\/blog\/\" target=\"_self\">\u30d6\u30ed\u30b0<\/a>\uff08\u4ecf\u8a9e\u306e\u307f\uff09<br \/>\n<a title=\"in French\" href=\"http:\/\/www.color-lounge.com\/forum\/\" target=\"_blank\">\u30d5\u30a9\u30fc\u30e9\u30e0<\/a>\uff08\u4ecf\u8a9e\u306e\u307f\uff09\u306f<a title=\"Color Lounge News\" href=\"http:\/\/www.color-lounge.com\/news\/\" target=\"_blank\">Color Lounge News<\/a>\u3068\u540d\u3092\u5909\u3048\u3001\u30b3\u30fc\u30ca\u30fc\u3092\u79fb\u3057\u307e\u3057\u305f\u3002\u6a5f\u6750\u3001\u30a2\u30fc\u30c8\u3001\u6280\u8853\uff08\u30c6\u30af\u30cb\u30c3\u30af\uff09\u2026\u306a\u3069\u306b\u5206\u3051\u307e\u3057\u305f\u30022012\u5e74\u304b\u3089\u59cb\u3081\u305f<a title=\"Projet\" href=\"http:\/\/www.color-lounge.com\/news\/category\/du-jour\/\" target=\"_blank\">Portrait of the day<\/a>\u306f\u3053\u3061\u3089\u304b\u3089\u3069\u3046\u305e\u3002<\/p>\n<p>\u3054\u9023\u7d61\uff1a\u3000in_colors [a] color-lounge.com (\u2192 [a]\u3092\u30a2\u30c3\u30c8\u30de\u30fc\u30af\uff08\u534a\u89d2\uff20\uff09\u306b\u7f6e\u304d\u63db\u3048\u3001\u30b9\u30da\u30fc\u30b9\u3092\u524a\u9664\u3057\u3066\u304f\u3060\u3055\u3044)<\/p>\n<p>\u00a9C\u00e9dric Riveau<br \/>\nAll right reserved<\/p>\n","protected":false},"excerpt":{"rendered":"<p>[Fran\u00e7ais] Color Lounge est n\u00e9 en 2002 d&rsquo;une volont\u00e9 de montrer mes conceptions graphiques ainsi que mes photographies sur le Web. Petit \u00e0 petit l&rsquo;id\u00e9e de construire une communaut\u00e9 avec des gens qui partagent la photographie comme passion s&rsquo;est faite sentir. Le forum est n\u00e9 alors un peu apr\u00e8s. En janvier 2007, le blog est [&hellip;]<\/p>\n","protected":false},"author":2,"featured_media":0,"parent":0,"menu_order":0,"comment_status":"open","ping_status":"open","template":"","meta":{"ngg_post_thumbnail":0,"jetpack_post_was_ever_published":false,"footnotes":""},"class_list":["post-2","page","type-page","status-publish","hentry"],"aioseo_notices":[],"jetpack_sharing_enabled":true,"jetpack_shortlink":"https:\/\/wp.me\/P5BAbw-2","_links":{"self":[{"href":"https:\/\/www.color-lounge.com\/blog\/wp-json\/wp\/v2\/pages\/2","targetHints":{"allow":["GET"]}}],"collection":[{"href":"https:\/\/www.color-lounge.com\/blog\/wp-json\/wp\/v2\/pages"}],"about":[{"href":"https:\/\/www.color-lounge.com\/blog\/wp-json\/wp\/v2\/types\/page"}],"author":[{"embeddable":true,"href":"https:\/\/www.color-lounge.com\/blog\/wp-json\/wp\/v2\/users\/2"}],"replies":[{"embeddable":true,"href":"https:\/\/www.color-lounge.com\/blog\/wp-json\/wp\/v2\/comments?post=2"}],"version-history":[{"count":33,"href":"https:\/\/www.color-lounge.com\/blog\/wp-json\/wp\/v2\/pages\/2\/revisions"}],"predecessor-version":[{"id":16266,"href":"https:\/\/www.color-lounge.com\/blog\/wp-json\/wp\/v2\/pages\/2\/revisions\/16266"}],"wp:attachment":[{"href":"https:\/\/www.color-lounge.com\/blog\/wp-json\/wp\/v2\/media?parent=2"}],"curies":[{"name":"wp","href":"https:\/\/api.w.org\/{rel}","templated":true}]}}