{"id":1978,"date":"2009-09-03T22:54:54","date_gmt":"2009-09-03T13:54:54","guid":{"rendered":"http:\/\/www.color-lounge.com\/blog\/?page_id=1978"},"modified":"2010-03-20T20:15:49","modified_gmt":"2010-03-20T11:15:49","slug":"voyages-en-asie","status":"publish","type":"page","link":"https:\/\/www.color-lounge.com\/blog\/about\/voyages-en-asie\/","title":{"rendered":"Voyages en Asie"},"content":{"rendered":"<p>Depuis que je suis au Japon, ce continent qui m&rsquo;a toujours fait r\u00eaver, l&rsquo;Asie est \u00e0 port\u00e9e <em>raisonnable<\/em> d&rsquo;avion. Je n&rsquo;ai visit\u00e9 &#8211; plusieurs fois &#8211; que les pays suivants. S\u00e9lection de mes photographies pr\u00e9f\u00e9r\u00e9es. Pour la lecture du <em>journal de voyage<\/em>, cliquez sur la destination de votre choix dans le nuage de tags \u00e0 droite.<br \/>\nAsia has always attracted me and since I arrived in Japan, I have been able to go there several times because it is not so far, closer than France anyhow. You will find here a selection of my favorite shots in different countries. A diary of my journeys is also available (in French) when you click on the cloud of tags on your right.<\/p>\n<h2><strong>Cambodge &#8211; Cambodia<\/strong><\/h2>\nngg_shortcode_0_placeholder\n<h2><strong>Chine &#8211; China<\/strong><\/h2>\nngg_shortcode_1_placeholder\n<h2><strong>Japon &#8211; Japan<\/strong><\/h2>\nngg_shortcode_2_placeholder\n<h2><strong>Tha\u00eflande &#8211; Thailand<\/strong><\/h2>\nngg_shortcode_3_placeholder\n<h2><strong>Vietnam<\/strong><\/h2>\nngg_shortcode_4_placeholder\n","protected":false},"excerpt":{"rendered":"<p>Depuis que je suis au Japon, ce continent qui m&rsquo;a toujours fait r\u00eaver, l&rsquo;Asie est \u00e0 port\u00e9e raisonnable d&rsquo;avion. Je n&rsquo;ai visit\u00e9 &#8211; plusieurs fois &#8211; que les pays suivants. S\u00e9lection de mes photographies pr\u00e9f\u00e9r\u00e9es. Pour la lecture du journal de voyage, cliquez sur la destination de votre choix dans le nuage de tags \u00e0 [&hellip;]<\/p>\n","protected":false},"author":2,"featured_media":0,"parent":2,"menu_order":2,"comment_status":"open","ping_status":"open","template":"","meta":{"ngg_post_thumbnail":0,"jetpack_post_was_ever_published":false,"footnotes":""},"class_list":["post-1978","page","type-page","status-publish","hentry"],"aioseo_notices":[],"jetpack_sharing_enabled":true,"jetpack_shortlink":"https:\/\/wp.me\/P5BAbw-vU","_links":{"self":[{"href":"https:\/\/www.color-lounge.com\/blog\/wp-json\/wp\/v2\/pages\/1978","targetHints":{"allow":["GET"]}}],"collection":[{"href":"https:\/\/www.color-lounge.com\/blog\/wp-json\/wp\/v2\/pages"}],"about":[{"href":"https:\/\/www.color-lounge.com\/blog\/wp-json\/wp\/v2\/types\/page"}],"author":[{"embeddable":true,"href":"https:\/\/www.color-lounge.com\/blog\/wp-json\/wp\/v2\/users\/2"}],"replies":[{"embeddable":true,"href":"https:\/\/www.color-lounge.com\/blog\/wp-json\/wp\/v2\/comments?post=1978"}],"version-history":[{"count":13,"href":"https:\/\/www.color-lounge.com\/blog\/wp-json\/wp\/v2\/pages\/1978\/revisions"}],"predecessor-version":[{"id":2414,"href":"https:\/\/www.color-lounge.com\/blog\/wp-json\/wp\/v2\/pages\/1978\/revisions\/2414"}],"up":[{"embeddable":true,"href":"https:\/\/www.color-lounge.com\/blog\/wp-json\/wp\/v2\/pages\/2"}],"wp:attachment":[{"href":"https:\/\/www.color-lounge.com\/blog\/wp-json\/wp\/v2\/media?parent=1978"}],"curies":[{"name":"wp","href":"https:\/\/api.w.org\/{rel}","templated":true}]}}